{"id":60,"date":"2026-01-23T09:50:14","date_gmt":"2026-01-23T09:50:14","guid":{"rendered":"https:\/\/tipico.food\/?page_id=60"},"modified":"2026-03-31T07:18:05","modified_gmt":"2026-03-31T07:18:05","slug":"degustazione","status":"publish","type":"page","link":"https:\/\/tipico.food\/?page_id=60","title":{"rendered":"Degustazione"},"content":{"rendered":"\n<section class=\"wp-block-group alignfull testata\"><div class=\"wp-block-group__inner-container is-layout-constrained wp-block-group-is-layout-constrained\"><figure class=\"wp-block-post-featured-image\"><img loading=\"lazy\" decoding=\"async\" width=\"1920\" height=\"600\" src=\"https:\/\/tipico.food\/wp-content\/uploads\/2026\/01\/degustazioni-tipico.jpg\" class=\"attachment-post-thumbnail size-post-thumbnail wp-post-image\" alt=\"degustazioni Tipico\" style=\"object-fit:cover;\" srcset=\"https:\/\/tipico.food\/wp-content\/uploads\/2026\/01\/degustazioni-tipico.jpg 1920w, https:\/\/tipico.food\/wp-content\/uploads\/2026\/01\/degustazioni-tipico-300x94.jpg 300w, https:\/\/tipico.food\/wp-content\/uploads\/2026\/01\/degustazioni-tipico-1024x320.jpg 1024w, https:\/\/tipico.food\/wp-content\/uploads\/2026\/01\/degustazioni-tipico-768x240.jpg 768w, https:\/\/tipico.food\/wp-content\/uploads\/2026\/01\/degustazioni-tipico-1536x480.jpg 1536w\" sizes=\"auto, (max-width: 1920px) 100vw, 1920px\" \/><\/figure><\/div><\/section>\n\n\n\n<section class=\"wp-block-group\"><div class=\"wp-block-group__inner-container is-layout-constrained wp-block-group-is-layout-constrained\"><h1 class=\"wp-block-post-title\">Degustazione<\/h1>\n\n\n<h2 class=\"wp-block-heading\">Fermarsi, assaggiare, condividere<\/h2>\n\n\n\n<p>Da Tipico ci si ferma volentieri.<br>La nostra proposta ruota attorno a sapori tradizionali e proposte gourmet &nbsp;di qualit\u00e0: panini con la micca, le rosette di Tipico, ciotole di verdure in conserva, piatti del giorno, dolci e soprattutto i taglieri di salumi, vero cuore della nostra offerta.<\/p>\n\n\n\n<p>I taglieri sono disponibili in diverse versioni: dal tagliere assaggio da 200 g di salumi o formaggi, al tagliere con il nostro cacciatorino o il nostro cotechino, fino al tagliere gustoso per due persone e al Gran Tipico, ideale da condividere senza fretta.<\/p>\n\n\n\n<p>Tipico propone inoltre una selezione accurata di vini, cocktail e gin tonic raffinati e aromatici, perfetti per l\u2019aperitivo, tutti i giorni (escluso il marted\u00ec) fino alle 22.<\/p>\n\n\n\n<p>Tipico \u00e8 il posto giusto per una pausa di qualit\u00e0: senza obbligo di prenotazione, senza formalit\u00e0, per vivere un\u2019esperienza da ricordare.<\/p>\n<\/div><\/section>\n","protected":false},"excerpt":{"rendered":"<p>Fermarsi, assaggiare, condividere Da Tipico ci si ferma volentieri.La nostra proposta ruota attorno a sapori tradizionali e proposte gourmet &nbsp;di qualit\u00e0: panini con la micca, le rosette di Tipico, ciotole di verdure in conserva, piatti del giorno, dolci e soprattutto i taglieri di salumi, vero cuore della nostra offerta. I taglieri sono disponibili in diverse [&hellip;]<\/p>\n","protected":false},"author":1,"featured_media":61,"parent":0,"menu_order":0,"comment_status":"closed","ping_status":"closed","template":"","meta":{"_acf_changed":false,"footnotes":""},"class_list":["post-60","page","type-page","status-publish","has-post-thumbnail","hentry"],"yoast_head":"<!-- This site is optimized with the Yoast SEO plugin v27.2 - https:\/\/yoast.com\/product\/yoast-seo-wordpress\/ -->\n<title>Degustazione | Tipico<\/title>\n<meta name=\"robots\" content=\"index, follow, max-snippet:-1, max-image-preview:large, max-video-preview:-1\" \/>\n<link rel=\"canonical\" href=\"https:\/\/tipico.food\/?page_id=60\" \/>\n<meta property=\"og:locale\" content=\"it_IT\" \/>\n<meta property=\"og:type\" content=\"article\" \/>\n<meta property=\"og:title\" content=\"Degustazione | Tipico\" \/>\n<meta property=\"og:description\" content=\"Fermarsi, assaggiare, condividere Da Tipico ci si ferma volentieri.La nostra proposta ruota attorno a sapori tradizionali e proposte gourmet &nbsp;di qualit\u00e0: panini con la micca, le rosette di Tipico, ciotole di verdure in conserva, piatti del giorno, dolci e soprattutto i taglieri di salumi, vero cuore della nostra offerta. I taglieri sono disponibili in diverse [&hellip;]\" \/>\n<meta property=\"og:url\" content=\"https:\/\/tipico.food\/?page_id=60\" \/>\n<meta property=\"og:site_name\" content=\"Tipico\" \/>\n<meta property=\"article:publisher\" content=\"https:\/\/www.facebook.com\/tipico.salumeria.contemporanea\" \/>\n<meta property=\"article:modified_time\" content=\"2026-03-31T07:18:05+00:00\" \/>\n<meta property=\"og:image\" content=\"https:\/\/tipico.food\/wp-content\/uploads\/2026\/01\/degustazioni-tipico.jpg\" \/>\n\t<meta property=\"og:image:width\" content=\"1920\" \/>\n\t<meta property=\"og:image:height\" content=\"600\" \/>\n\t<meta property=\"og:image:type\" content=\"image\/jpeg\" \/>\n<meta name=\"twitter:card\" content=\"summary_large_image\" \/>\n<meta name=\"twitter:label1\" content=\"Tempo di lettura stimato\" \/>\n\t<meta name=\"twitter:data1\" content=\"1 minuto\" \/>\n<script type=\"application\/ld+json\" class=\"yoast-schema-graph\">{\"@context\":\"https:\/\/schema.org\",\"@graph\":[{\"@type\":\"WebPage\",\"@id\":\"https:\/\/tipico.food\/?page_id=60\",\"url\":\"https:\/\/tipico.food\/?page_id=60\",\"name\":\"Degustazione | Tipico\",\"isPartOf\":{\"@id\":\"https:\/\/tipico.food\/#website\"},\"primaryImageOfPage\":{\"@id\":\"https:\/\/tipico.food\/?page_id=60#primaryimage\"},\"image\":{\"@id\":\"https:\/\/tipico.food\/?page_id=60#primaryimage\"},\"thumbnailUrl\":\"https:\/\/tipico.food\/wp-content\/uploads\/2026\/01\/degustazioni-tipico.jpg\",\"datePublished\":\"2026-01-23T09:50:14+00:00\",\"dateModified\":\"2026-03-31T07:18:05+00:00\",\"breadcrumb\":{\"@id\":\"https:\/\/tipico.food\/?page_id=60#breadcrumb\"},\"inLanguage\":\"it-IT\",\"potentialAction\":[{\"@type\":\"ReadAction\",\"target\":[\"https:\/\/tipico.food\/?page_id=60\"]}]},{\"@type\":\"ImageObject\",\"inLanguage\":\"it-IT\",\"@id\":\"https:\/\/tipico.food\/?page_id=60#primaryimage\",\"url\":\"https:\/\/tipico.food\/wp-content\/uploads\/2026\/01\/degustazioni-tipico.jpg\",\"contentUrl\":\"https:\/\/tipico.food\/wp-content\/uploads\/2026\/01\/degustazioni-tipico.jpg\",\"width\":1920,\"height\":600,\"caption\":\"degustazioni Tipico\"},{\"@type\":\"BreadcrumbList\",\"@id\":\"https:\/\/tipico.food\/?page_id=60#breadcrumb\",\"itemListElement\":[{\"@type\":\"ListItem\",\"position\":1,\"name\":\"Home\",\"item\":\"https:\/\/tipico.food\/\"},{\"@type\":\"ListItem\",\"position\":2,\"name\":\"Degustazione\"}]},{\"@type\":\"WebSite\",\"@id\":\"https:\/\/tipico.food\/#website\",\"url\":\"https:\/\/tipico.food\/\",\"name\":\"Tipico\",\"description\":\"Salumeria Contemporanea\",\"publisher\":{\"@id\":\"https:\/\/tipico.food\/#organization\"},\"alternateName\":\"Tipico - Salumeria Contemporanea\",\"potentialAction\":[{\"@type\":\"SearchAction\",\"target\":{\"@type\":\"EntryPoint\",\"urlTemplate\":\"https:\/\/tipico.food\/?s={search_term_string}\"},\"query-input\":{\"@type\":\"PropertyValueSpecification\",\"valueRequired\":true,\"valueName\":\"search_term_string\"}}],\"inLanguage\":\"it-IT\"},{\"@type\":\"Organization\",\"@id\":\"https:\/\/tipico.food\/#organization\",\"name\":\"Tipico - Salumeria Contemporanea\",\"url\":\"https:\/\/tipico.food\/\",\"logo\":{\"@type\":\"ImageObject\",\"inLanguage\":\"it-IT\",\"@id\":\"https:\/\/tipico.food\/#\/schema\/logo\/image\/\",\"url\":\"https:\/\/tipico.food\/wp-content\/uploads\/2026\/01\/logo-tipico-salumeria-contemporanea.png\",\"contentUrl\":\"https:\/\/tipico.food\/wp-content\/uploads\/2026\/01\/logo-tipico-salumeria-contemporanea.png\",\"width\":266,\"height\":231,\"caption\":\"Tipico - Salumeria Contemporanea\"},\"image\":{\"@id\":\"https:\/\/tipico.food\/#\/schema\/logo\/image\/\"},\"sameAs\":[\"https:\/\/www.facebook.com\/tipico.salumeria.contemporanea\",\"https:\/\/www.instagram.com\/tipico.salumeria.contemporanea\"]}]}<\/script>\n<!-- \/ Yoast SEO plugin. -->","yoast_head_json":{"title":"Degustazione | Tipico","robots":{"index":"index","follow":"follow","max-snippet":"max-snippet:-1","max-image-preview":"max-image-preview:large","max-video-preview":"max-video-preview:-1"},"canonical":"https:\/\/tipico.food\/?page_id=60","og_locale":"it_IT","og_type":"article","og_title":"Degustazione | Tipico","og_description":"Fermarsi, assaggiare, condividere Da Tipico ci si ferma volentieri.La nostra proposta ruota attorno a sapori tradizionali e proposte gourmet &nbsp;di qualit\u00e0: panini con la micca, le rosette di Tipico, ciotole di verdure in conserva, piatti del giorno, dolci e soprattutto i taglieri di salumi, vero cuore della nostra offerta. I taglieri sono disponibili in diverse [&hellip;]","og_url":"https:\/\/tipico.food\/?page_id=60","og_site_name":"Tipico","article_publisher":"https:\/\/www.facebook.com\/tipico.salumeria.contemporanea","article_modified_time":"2026-03-31T07:18:05+00:00","og_image":[{"width":1920,"height":600,"url":"https:\/\/tipico.food\/wp-content\/uploads\/2026\/01\/degustazioni-tipico.jpg","type":"image\/jpeg"}],"twitter_card":"summary_large_image","twitter_misc":{"Tempo di lettura stimato":"1 minuto"},"schema":{"@context":"https:\/\/schema.org","@graph":[{"@type":"WebPage","@id":"https:\/\/tipico.food\/?page_id=60","url":"https:\/\/tipico.food\/?page_id=60","name":"Degustazione | Tipico","isPartOf":{"@id":"https:\/\/tipico.food\/#website"},"primaryImageOfPage":{"@id":"https:\/\/tipico.food\/?page_id=60#primaryimage"},"image":{"@id":"https:\/\/tipico.food\/?page_id=60#primaryimage"},"thumbnailUrl":"https:\/\/tipico.food\/wp-content\/uploads\/2026\/01\/degustazioni-tipico.jpg","datePublished":"2026-01-23T09:50:14+00:00","dateModified":"2026-03-31T07:18:05+00:00","breadcrumb":{"@id":"https:\/\/tipico.food\/?page_id=60#breadcrumb"},"inLanguage":"it-IT","potentialAction":[{"@type":"ReadAction","target":["https:\/\/tipico.food\/?page_id=60"]}]},{"@type":"ImageObject","inLanguage":"it-IT","@id":"https:\/\/tipico.food\/?page_id=60#primaryimage","url":"https:\/\/tipico.food\/wp-content\/uploads\/2026\/01\/degustazioni-tipico.jpg","contentUrl":"https:\/\/tipico.food\/wp-content\/uploads\/2026\/01\/degustazioni-tipico.jpg","width":1920,"height":600,"caption":"degustazioni Tipico"},{"@type":"BreadcrumbList","@id":"https:\/\/tipico.food\/?page_id=60#breadcrumb","itemListElement":[{"@type":"ListItem","position":1,"name":"Home","item":"https:\/\/tipico.food\/"},{"@type":"ListItem","position":2,"name":"Degustazione"}]},{"@type":"WebSite","@id":"https:\/\/tipico.food\/#website","url":"https:\/\/tipico.food\/","name":"Tipico","description":"Salumeria Contemporanea","publisher":{"@id":"https:\/\/tipico.food\/#organization"},"alternateName":"Tipico - Salumeria Contemporanea","potentialAction":[{"@type":"SearchAction","target":{"@type":"EntryPoint","urlTemplate":"https:\/\/tipico.food\/?s={search_term_string}"},"query-input":{"@type":"PropertyValueSpecification","valueRequired":true,"valueName":"search_term_string"}}],"inLanguage":"it-IT"},{"@type":"Organization","@id":"https:\/\/tipico.food\/#organization","name":"Tipico - Salumeria Contemporanea","url":"https:\/\/tipico.food\/","logo":{"@type":"ImageObject","inLanguage":"it-IT","@id":"https:\/\/tipico.food\/#\/schema\/logo\/image\/","url":"https:\/\/tipico.food\/wp-content\/uploads\/2026\/01\/logo-tipico-salumeria-contemporanea.png","contentUrl":"https:\/\/tipico.food\/wp-content\/uploads\/2026\/01\/logo-tipico-salumeria-contemporanea.png","width":266,"height":231,"caption":"Tipico - Salumeria Contemporanea"},"image":{"@id":"https:\/\/tipico.food\/#\/schema\/logo\/image\/"},"sameAs":["https:\/\/www.facebook.com\/tipico.salumeria.contemporanea","https:\/\/www.instagram.com\/tipico.salumeria.contemporanea"]}]}},"acf":[],"_links":{"self":[{"href":"https:\/\/tipico.food\/index.php?rest_route=\/wp\/v2\/pages\/60","targetHints":{"allow":["GET"]}}],"collection":[{"href":"https:\/\/tipico.food\/index.php?rest_route=\/wp\/v2\/pages"}],"about":[{"href":"https:\/\/tipico.food\/index.php?rest_route=\/wp\/v2\/types\/page"}],"author":[{"embeddable":true,"href":"https:\/\/tipico.food\/index.php?rest_route=\/wp\/v2\/users\/1"}],"replies":[{"embeddable":true,"href":"https:\/\/tipico.food\/index.php?rest_route=%2Fwp%2Fv2%2Fcomments&post=60"}],"version-history":[{"count":3,"href":"https:\/\/tipico.food\/index.php?rest_route=\/wp\/v2\/pages\/60\/revisions"}],"predecessor-version":[{"id":161,"href":"https:\/\/tipico.food\/index.php?rest_route=\/wp\/v2\/pages\/60\/revisions\/161"}],"wp:featuredmedia":[{"embeddable":true,"href":"https:\/\/tipico.food\/index.php?rest_route=\/wp\/v2\/media\/61"}],"wp:attachment":[{"href":"https:\/\/tipico.food\/index.php?rest_route=%2Fwp%2Fv2%2Fmedia&parent=60"}],"curies":[{"name":"wp","href":"https:\/\/api.w.org\/{rel}","templated":true}]}}