{"id":57,"date":"2026-01-23T09:47:03","date_gmt":"2026-01-23T09:47:03","guid":{"rendered":"https:\/\/tipico.food\/?page_id=57"},"modified":"2026-04-02T10:26:02","modified_gmt":"2026-04-02T10:26:02","slug":"bottega","status":"publish","type":"page","link":"https:\/\/tipico.food\/?page_id=57","title":{"rendered":"Bottega"},"content":{"rendered":"\n<section class=\"wp-block-group alignfull testata\"><div class=\"wp-block-group__inner-container is-layout-constrained wp-block-group-is-layout-constrained\"><figure class=\"wp-block-post-featured-image\"><img loading=\"lazy\" decoding=\"async\" width=\"1920\" height=\"600\" src=\"https:\/\/tipico.food\/wp-content\/uploads\/2026\/01\/bottega-tipico-salice-terme.jpg\" class=\"attachment-post-thumbnail size-post-thumbnail wp-post-image\" alt=\"bottega Tipico Salice Terme\" style=\"object-fit:cover;\" srcset=\"https:\/\/tipico.food\/wp-content\/uploads\/2026\/01\/bottega-tipico-salice-terme.jpg 1920w, https:\/\/tipico.food\/wp-content\/uploads\/2026\/01\/bottega-tipico-salice-terme-300x94.jpg 300w, https:\/\/tipico.food\/wp-content\/uploads\/2026\/01\/bottega-tipico-salice-terme-1024x320.jpg 1024w, https:\/\/tipico.food\/wp-content\/uploads\/2026\/01\/bottega-tipico-salice-terme-768x240.jpg 768w, https:\/\/tipico.food\/wp-content\/uploads\/2026\/01\/bottega-tipico-salice-terme-1536x480.jpg 1536w\" sizes=\"auto, (max-width: 1920px) 100vw, 1920px\" \/><\/figure><\/div><\/section>\n\n\n\n<section class=\"wp-block-group\"><div class=\"wp-block-group__inner-container is-layout-constrained wp-block-group-is-layout-constrained\">\n<h1 class=\"wp-block-heading\">Bottega<\/h1>\n\n\n\n<h2 class=\"wp-block-heading\">Una bottega per scoprire, scegliere e portare a casa<\/h2>\n\n\n\n<p>La bottega di Tipico \u00e8 pensata per essere esplorata senza fretta.<br>\u00c8 il luogo ideale per curiosare tra i prodotti, farsi consigliare, assaggiare e scegliere con consapevolezza.<\/p>\n\n\n\n<p>Sugli scaffali trovi un\u2019ampia selezione di salumi, formaggi, conserve, prodotti da dispensa e specialit\u00e0 gourmet, con una forte attenzione al territorio dell\u2019Oltrep\u00f2 Pavese ed uno sguardo su altre eccellenze italiane.<br>Prodotti artigianali scelti per la loro qualit\u00e0 e per il piacere che regalano a tavola.<\/p>\n\n\n\n<p>Qui puoi acquistare il singolo prodotto, comporre una spesa \u201cdi gusto\u201d o trovare gustose idee regalo, dai piccoli pensieri ai cesti enogastronomici firmati Tipico.<br>Molti prodotti possono essere anche assaggiati al tavolo e il personale pu\u00f2 guidarti raccontandoti la storia di ciascuno, per poi scegliere e acquistare in bottega.<\/p>\n\n\n\n<p>La bottega \u00e8 aperta dalle 10 del mattino tutti i giorni tranne il marted\u00ec, pensata per essere un appuntamento quotidiano: una sosta veloce, un acquisto mirato o una nuova sfiziosa scoperta da portare a casa e condividere in famiglia.<\/p>\n<\/div><\/section>\n\n\n\n<section class=\"wp-block-group alignfull prodotti-bott has-background\" style=\"background-color:#f4eedd\"><div class=\"wp-block-group__inner-container is-layout-constrained wp-block-group-is-layout-constrained\">\n<div class=\"wp-block-columns is-layout-flex wp-container-core-columns-is-layout-9d6595d7 wp-block-columns-is-layout-flex\">\n<div class=\"wp-block-column is-layout-flow wp-block-column-is-layout-flow\"><div class=\"wp-block-image\">\n<figure class=\"aligncenter size-full\"><img loading=\"lazy\" decoding=\"async\" width=\"304\" height=\"398\" src=\"https:\/\/tipico.food\/wp-content\/uploads\/2026\/04\/4-Brezel.jpg\" alt=\"\" class=\"wp-image-179\" srcset=\"https:\/\/tipico.food\/wp-content\/uploads\/2026\/04\/4-Brezel.jpg 304w, https:\/\/tipico.food\/wp-content\/uploads\/2026\/04\/4-Brezel-229x300.jpg 229w\" sizes=\"auto, (max-width: 304px) 100vw, 304px\" \/><\/figure>\n<\/div>\n\n\n<p class=\"has-text-align-center\"><strong>Il Brezel<\/strong><\/p>\n\n\n\n<p class=\"has-text-align-center\">Direttamente dall\u2019Alto Adige: un pane iconico, croccante fuori e morbido dentro, leggermente sapido e perfetto per la colazione o per accompagnare i salumi.<\/p>\n<\/div>\n\n\n\n<div class=\"wp-block-column is-layout-flow wp-block-column-is-layout-flow\"><div class=\"wp-block-image\">\n<figure class=\"aligncenter size-full\"><img loading=\"lazy\" decoding=\"async\" width=\"304\" height=\"398\" src=\"https:\/\/tipico.food\/wp-content\/uploads\/2026\/04\/3-colombe.jpg\" alt=\"\" class=\"wp-image-178\" srcset=\"https:\/\/tipico.food\/wp-content\/uploads\/2026\/04\/3-colombe.jpg 304w, https:\/\/tipico.food\/wp-content\/uploads\/2026\/04\/3-colombe-229x300.jpg 229w\" sizes=\"auto, (max-width: 304px) 100vw, 304px\" \/><\/figure>\n<\/div>\n\n\n<p class=\"has-text-align-center\"><strong>Colombe artigianali di Scarpato<\/strong><\/p>\n\n\n\n<p class=\"has-text-align-center\">Un&#8217;eccellenza dell\u2019alta pasticceria veronese. Dolci a lievitazione naturale e realizzati con ingredienti selezionati, per una colomba soffice, profumata e ricca di carattere.<\/p>\n<\/div>\n\n\n\n<div class=\"wp-block-column is-layout-flow wp-block-column-is-layout-flow\"><div class=\"wp-block-image\">\n<figure class=\"aligncenter size-full\"><img loading=\"lazy\" decoding=\"async\" width=\"304\" height=\"398\" src=\"https:\/\/tipico.food\/wp-content\/uploads\/2026\/04\/2-caffe-janko.jpg\" alt=\"\" class=\"wp-image-177\" srcset=\"https:\/\/tipico.food\/wp-content\/uploads\/2026\/04\/2-caffe-janko.jpg 304w, https:\/\/tipico.food\/wp-content\/uploads\/2026\/04\/2-caffe-janko-229x300.jpg 229w\" sizes=\"auto, (max-width: 304px) 100vw, 304px\" \/><\/figure>\n<\/div>\n\n\n<p class=\"has-text-align-center\"><strong>Caff\u00e8 Janko<\/strong><\/p>\n\n\n\n<p class=\"has-text-align-center\">Un equilibrio di pregiate origini da Centro e Sud America, India, Indonesia e Africa, che regalano un gusto armonico, un aroma intenso e una naturale delicatezza con un minor contenuto di caffeina.<\/p>\n<\/div>\n\n\n\n<div class=\"wp-block-column is-layout-flow wp-block-column-is-layout-flow\"><div class=\"wp-block-image\">\n<figure class=\"aligncenter size-full\"><img loading=\"lazy\" decoding=\"async\" width=\"304\" height=\"398\" src=\"https:\/\/tipico.food\/wp-content\/uploads\/2026\/04\/1-miele-di-Damiano.jpg\" alt=\"\" class=\"wp-image-176\" srcset=\"https:\/\/tipico.food\/wp-content\/uploads\/2026\/04\/1-miele-di-Damiano.jpg 304w, https:\/\/tipico.food\/wp-content\/uploads\/2026\/04\/1-miele-di-Damiano-229x300.jpg 229w\" sizes=\"auto, (max-width: 304px) 100vw, 304px\" \/><\/figure>\n<\/div>\n\n\n<p class=\"has-text-align-center\"><strong>Il miele di Damiano<\/strong><\/p>\n\n\n\n<p class=\"has-text-align-center\">Damiano, produttore locale di Salice Terme, ogni giorno si prende cura delle sue api, da questa passione nascono mieli diversi, ognuno legato a un territorio e a una fioritura precisa.&nbsp;<\/p>\n<\/div>\n<\/div>\n\n\n\n<div style=\"height:37px\" aria-hidden=\"true\" class=\"wp-block-spacer\"><\/div>\n\n\n\n<div class=\"wp-block-columns is-layout-flex wp-container-core-columns-is-layout-9d6595d7 wp-block-columns-is-layout-flex\">\n<div class=\"wp-block-column is-layout-flow wp-block-column-is-layout-flow\"><div class=\"wp-block-image\">\n<figure class=\"aligncenter size-full\"><img loading=\"lazy\" decoding=\"async\" width=\"304\" height=\"398\" src=\"https:\/\/tipico.food\/wp-content\/uploads\/2026\/03\/farina-hermana.jpg\" alt=\"\" class=\"wp-image-153\" srcset=\"https:\/\/tipico.food\/wp-content\/uploads\/2026\/03\/farina-hermana.jpg 304w, https:\/\/tipico.food\/wp-content\/uploads\/2026\/03\/farina-hermana-229x300.jpg 229w\" sizes=\"auto, (max-width: 304px) 100vw, 304px\" \/><\/figure>\n<\/div>\n\n\n<p class=\"has-text-align-center\"><strong>Farina Hermana Senatore Cappelli <\/strong><\/p>\n\n\n\n<p class=\"has-text-align-center\">Ottenute esclusivamente da grani italiani coltivati tra Calabria e Basilicata, nascono da una lavorazione artigianale in semola rimacinata di grano duro, senza additivi aggiunti. Un prodotto naturale e autentico.<\/p>\n<\/div>\n\n\n\n<div class=\"wp-block-column is-layout-flow wp-block-column-is-layout-flow\"><div class=\"wp-block-image\">\n<figure class=\"aligncenter size-full\"><img loading=\"lazy\" decoding=\"async\" width=\"304\" height=\"398\" src=\"https:\/\/tipico.food\/wp-content\/uploads\/2026\/03\/tiberino.jpg\" alt=\"\" class=\"wp-image-152\" srcset=\"https:\/\/tipico.food\/wp-content\/uploads\/2026\/03\/tiberino.jpg 304w, https:\/\/tipico.food\/wp-content\/uploads\/2026\/03\/tiberino-229x300.jpg 229w\" sizes=\"auto, (max-width: 304px) 100vw, 304px\" \/><\/figure>\n<\/div>\n\n\n<p class=\"has-text-align-center\"><strong>Primi pronti Tiberino<\/strong><\/p>\n\n\n\n<p class=\"has-text-align-center\">Ricette artigianali, ingredienti naturali, sapori autentici. Tutto il buono della cucina italiana\u2026 in pochi minuti.<\/p>\n<\/div>\n\n\n\n<div class=\"wp-block-column is-layout-flow wp-block-column-is-layout-flow\"><div class=\"wp-block-image\">\n<figure class=\"aligncenter size-full\"><img loading=\"lazy\" decoding=\"async\" width=\"304\" height=\"398\" src=\"https:\/\/tipico.food\/wp-content\/uploads\/2026\/03\/passata-datterino.jpg\" alt=\"\" class=\"wp-image-151\" srcset=\"https:\/\/tipico.food\/wp-content\/uploads\/2026\/03\/passata-datterino.jpg 304w, https:\/\/tipico.food\/wp-content\/uploads\/2026\/03\/passata-datterino-229x300.jpg 229w\" sizes=\"auto, (max-width: 304px) 100vw, 304px\" \/><\/figure>\n<\/div>\n\n\n<p class=\"has-text-align-center\"><strong>Datterino giallo salsato<\/strong><\/p>\n\n\n\n<p class=\"has-text-align-center\">Un pomodoro dal colore luminoso e dal gusto sorprendentemente dolce, quasi privo di acidit\u00e0, lavorato a mano come una volta, subito dopo la raccolta.<\/p>\n<\/div>\n\n\n\n<div class=\"wp-block-column is-layout-flow wp-block-column-is-layout-flow\"><div class=\"wp-block-image\">\n<figure class=\"aligncenter size-full\"><img loading=\"lazy\" decoding=\"async\" width=\"304\" height=\"398\" src=\"https:\/\/tipico.food\/wp-content\/uploads\/2026\/03\/burro-val-di-non.jpg\" alt=\"\" class=\"wp-image-149\" srcset=\"https:\/\/tipico.food\/wp-content\/uploads\/2026\/03\/burro-val-di-non.jpg 304w, https:\/\/tipico.food\/wp-content\/uploads\/2026\/03\/burro-val-di-non-229x300.jpg 229w\" sizes=\"auto, (max-width: 304px) 100vw, 304px\" \/><\/figure>\n<\/div>\n\n\n<p class=\"has-text-align-center\"><strong>Burro salato centrifugato della Val di Non<\/strong><\/p>\n\n\n\n<p class=\"has-text-align-center\">Un burro dal gusto pieno e pulito, dall\u2019alta cremosit\u00e0, perfetto tanto per una fetta di pane quanto per esaltare dolci e preparazioni salate.&nbsp;<\/p>\n<\/div>\n<\/div>\n\n\n\n<div style=\"height:37px\" aria-hidden=\"true\" class=\"wp-block-spacer\"><\/div>\n\n\n\n<div class=\"wp-block-columns is-layout-flex wp-container-core-columns-is-layout-9d6595d7 wp-block-columns-is-layout-flex\">\n<div class=\"wp-block-column is-layout-flow wp-block-column-is-layout-flow\"><div class=\"wp-block-image\">\n<figure class=\"aligncenter size-full\"><img loading=\"lazy\" decoding=\"async\" width=\"304\" height=\"398\" src=\"https:\/\/tipico.food\/wp-content\/uploads\/2026\/01\/cacciatorini-salumificio-san-pietro.jpg\" alt=\"\" class=\"wp-image-103\" srcset=\"https:\/\/tipico.food\/wp-content\/uploads\/2026\/01\/cacciatorini-salumificio-san-pietro.jpg 304w, https:\/\/tipico.food\/wp-content\/uploads\/2026\/01\/cacciatorini-salumificio-san-pietro-229x300.jpg 229w\" sizes=\"auto, (max-width: 304px) 100vw, 304px\" \/><\/figure>\n<\/div>\n\n\n<p class=\"has-text-align-center\"><strong>Il Cacciatorino del Salumificio San Pietro<\/strong><\/p>\n\n\n\n<p class=\"has-text-align-center\">Nasce da una lavorazione artigianale attenta, fatta di gesti precisi e materie prime selezionate<\/p>\n<\/div>\n\n\n\n<div class=\"wp-block-column is-layout-flow wp-block-column-is-layout-flow\"><div class=\"wp-block-image\">\n<figure class=\"aligncenter size-full\"><img loading=\"lazy\" decoding=\"async\" width=\"304\" height=\"398\" src=\"https:\/\/tipico.food\/wp-content\/uploads\/2026\/01\/conserve-morgan.jpg\" alt=\"\" class=\"wp-image-105\" srcset=\"https:\/\/tipico.food\/wp-content\/uploads\/2026\/01\/conserve-morgan.jpg 304w, https:\/\/tipico.food\/wp-content\/uploads\/2026\/01\/conserve-morgan-229x300.jpg 229w\" sizes=\"auto, (max-width: 304px) 100vw, 304px\" \/><\/figure>\n<\/div>\n\n\n<p class=\"has-text-align-center\"><strong>Le conserve di Morgan<\/strong><\/p>\n\n\n\n<p class=\"has-text-align-center\">Conserve speciali, prodotte a mano con una cura profonda per le materie prime e la sostenibilit\u00e0 dal laboratorio di Morgan e la moglie Luciana.<\/p>\n<\/div>\n\n\n\n<div class=\"wp-block-column is-layout-flow wp-block-column-is-layout-flow\"><div class=\"wp-block-image\">\n<figure class=\"aligncenter size-full\"><img loading=\"lazy\" decoding=\"async\" width=\"304\" height=\"398\" src=\"https:\/\/tipico.food\/wp-content\/uploads\/2026\/01\/formaggi-guido.jpg\" alt=\"\" class=\"wp-image-106\" srcset=\"https:\/\/tipico.food\/wp-content\/uploads\/2026\/01\/formaggi-guido.jpg 304w, https:\/\/tipico.food\/wp-content\/uploads\/2026\/01\/formaggi-guido-229x300.jpg 229w\" sizes=\"auto, (max-width: 304px) 100vw, 304px\" \/><\/figure>\n<\/div>\n\n\n<p class=\"has-text-align-center\"><strong>I Formaggi di Guido<\/strong><\/p>\n\n\n\n<p class=\"has-text-align-center\">C\u2019\u00e8 un casaro in Val Curone che si chiama Guido. Ogni mercoled\u00ec ritira il latte appena munto, il gioved\u00ec lo lavora nel suo piccolo laboratorio artigianale e produce formaggi davvero speciali.<\/p>\n<\/div>\n\n\n\n<div class=\"wp-block-column is-layout-flow wp-block-column-is-layout-flow\"><div class=\"wp-block-image\">\n<figure class=\"aligncenter size-full\"><img loading=\"lazy\" decoding=\"async\" width=\"304\" height=\"398\" src=\"https:\/\/tipico.food\/wp-content\/uploads\/2026\/01\/sale-solce-cervia.jpg\" alt=\"\" class=\"wp-image-107\" srcset=\"https:\/\/tipico.food\/wp-content\/uploads\/2026\/01\/sale-solce-cervia.jpg 304w, https:\/\/tipico.food\/wp-content\/uploads\/2026\/01\/sale-solce-cervia-229x300.jpg 229w\" sizes=\"auto, (max-width: 304px) 100vw, 304px\" \/><\/figure>\n<\/div>\n\n\n<p class=\"has-text-align-center\"><strong>Sale dolce di Cervia<\/strong><\/p>\n\n\n\n<p class=\"has-text-align-center\">Un sale scelto per la sua storia e per il modo in cui nasce, all\u2019interno della Salina di Cervia, dove la raccolta avviene ancora a mano, nel rispetto dell\u2019ambiente e dei suoi equilibri naturali&nbsp;<\/p>\n<\/div>\n<\/div>\n<\/div><\/section>\n\n\n\n<p><\/p>\n","protected":false},"excerpt":{"rendered":"<p>Bottega Una bottega per scoprire, scegliere e portare a casa La bottega di Tipico \u00e8 pensata per essere esplorata senza fretta.\u00c8 il luogo ideale per curiosare tra i prodotti, farsi consigliare, assaggiare e scegliere con consapevolezza. Sugli scaffali trovi un\u2019ampia selezione di salumi, formaggi, conserve, prodotti da dispensa e specialit\u00e0 gourmet, con una forte attenzione [&hellip;]<\/p>\n","protected":false},"author":1,"featured_media":58,"parent":0,"menu_order":0,"comment_status":"closed","ping_status":"closed","template":"","meta":{"_acf_changed":false,"footnotes":""},"class_list":["post-57","page","type-page","status-publish","has-post-thumbnail","hentry"],"yoast_head":"<!-- This site is optimized with the Yoast SEO plugin v27.2 - https:\/\/yoast.com\/product\/yoast-seo-wordpress\/ -->\n<title>Bottega di prodotti tipici | Alimentari a Salice Terme | Tipico<\/title>\n<meta name=\"description\" content=\"Nella bottega di Tipico trovi Prodotti artigianali scelti per la loro qualit\u00e0 e per il piacere che regalano a tavola. Vieni a scoprirli!\" \/>\n<meta name=\"robots\" content=\"index, follow, max-snippet:-1, max-image-preview:large, max-video-preview:-1\" \/>\n<link rel=\"canonical\" href=\"https:\/\/tipico.food\/?page_id=57\" \/>\n<meta property=\"og:locale\" content=\"it_IT\" \/>\n<meta property=\"og:type\" content=\"article\" \/>\n<meta property=\"og:title\" content=\"Bottega di prodotti tipici | Alimentari a Salice Terme | Tipico\" \/>\n<meta property=\"og:description\" content=\"Nella bottega di Tipico trovi Prodotti artigianali scelti per la loro qualit\u00e0 e per il piacere che regalano a tavola. Vieni a scoprirli!\" \/>\n<meta property=\"og:url\" content=\"https:\/\/tipico.food\/?page_id=57\" \/>\n<meta property=\"og:site_name\" content=\"Tipico\" \/>\n<meta property=\"article:publisher\" content=\"https:\/\/www.facebook.com\/tipico.salumeria.contemporanea\" \/>\n<meta property=\"article:modified_time\" content=\"2026-04-02T10:26:02+00:00\" \/>\n<meta property=\"og:image\" content=\"https:\/\/tipico.food\/wp-content\/uploads\/2026\/01\/bottega-tipico-salice-terme.jpg\" \/>\n\t<meta property=\"og:image:width\" content=\"1920\" \/>\n\t<meta property=\"og:image:height\" content=\"600\" \/>\n\t<meta property=\"og:image:type\" content=\"image\/jpeg\" \/>\n<meta name=\"twitter:card\" content=\"summary_large_image\" \/>\n<meta name=\"twitter:label1\" content=\"Tempo di lettura stimato\" \/>\n\t<meta name=\"twitter:data1\" content=\"6 minuti\" \/>\n<script type=\"application\/ld+json\" class=\"yoast-schema-graph\">{\"@context\":\"https:\/\/schema.org\",\"@graph\":[{\"@type\":\"WebPage\",\"@id\":\"https:\/\/tipico.food\/?page_id=57\",\"url\":\"https:\/\/tipico.food\/?page_id=57\",\"name\":\"Bottega di prodotti tipici | Alimentari a Salice Terme | Tipico\",\"isPartOf\":{\"@id\":\"https:\/\/tipico.food\/#website\"},\"primaryImageOfPage\":{\"@id\":\"https:\/\/tipico.food\/?page_id=57#primaryimage\"},\"image\":{\"@id\":\"https:\/\/tipico.food\/?page_id=57#primaryimage\"},\"thumbnailUrl\":\"https:\/\/tipico.food\/wp-content\/uploads\/2026\/01\/bottega-tipico-salice-terme.jpg\",\"datePublished\":\"2026-01-23T09:47:03+00:00\",\"dateModified\":\"2026-04-02T10:26:02+00:00\",\"description\":\"Nella bottega di Tipico trovi Prodotti artigianali scelti per la loro qualit\u00e0 e per il piacere che regalano a tavola. Vieni a scoprirli!\",\"breadcrumb\":{\"@id\":\"https:\/\/tipico.food\/?page_id=57#breadcrumb\"},\"inLanguage\":\"it-IT\",\"potentialAction\":[{\"@type\":\"ReadAction\",\"target\":[\"https:\/\/tipico.food\/?page_id=57\"]}]},{\"@type\":\"ImageObject\",\"inLanguage\":\"it-IT\",\"@id\":\"https:\/\/tipico.food\/?page_id=57#primaryimage\",\"url\":\"https:\/\/tipico.food\/wp-content\/uploads\/2026\/01\/bottega-tipico-salice-terme.jpg\",\"contentUrl\":\"https:\/\/tipico.food\/wp-content\/uploads\/2026\/01\/bottega-tipico-salice-terme.jpg\",\"width\":1920,\"height\":600,\"caption\":\"bottega Tipico Salice Terme\"},{\"@type\":\"BreadcrumbList\",\"@id\":\"https:\/\/tipico.food\/?page_id=57#breadcrumb\",\"itemListElement\":[{\"@type\":\"ListItem\",\"position\":1,\"name\":\"Home\",\"item\":\"https:\/\/tipico.food\/\"},{\"@type\":\"ListItem\",\"position\":2,\"name\":\"Bottega\"}]},{\"@type\":\"WebSite\",\"@id\":\"https:\/\/tipico.food\/#website\",\"url\":\"https:\/\/tipico.food\/\",\"name\":\"Tipico\",\"description\":\"Salumeria Contemporanea\",\"publisher\":{\"@id\":\"https:\/\/tipico.food\/#organization\"},\"alternateName\":\"Tipico - Salumeria Contemporanea\",\"potentialAction\":[{\"@type\":\"SearchAction\",\"target\":{\"@type\":\"EntryPoint\",\"urlTemplate\":\"https:\/\/tipico.food\/?s={search_term_string}\"},\"query-input\":{\"@type\":\"PropertyValueSpecification\",\"valueRequired\":true,\"valueName\":\"search_term_string\"}}],\"inLanguage\":\"it-IT\"},{\"@type\":\"Organization\",\"@id\":\"https:\/\/tipico.food\/#organization\",\"name\":\"Tipico - Salumeria Contemporanea\",\"url\":\"https:\/\/tipico.food\/\",\"logo\":{\"@type\":\"ImageObject\",\"inLanguage\":\"it-IT\",\"@id\":\"https:\/\/tipico.food\/#\/schema\/logo\/image\/\",\"url\":\"https:\/\/tipico.food\/wp-content\/uploads\/2026\/01\/logo-tipico-salumeria-contemporanea.png\",\"contentUrl\":\"https:\/\/tipico.food\/wp-content\/uploads\/2026\/01\/logo-tipico-salumeria-contemporanea.png\",\"width\":266,\"height\":231,\"caption\":\"Tipico - Salumeria Contemporanea\"},\"image\":{\"@id\":\"https:\/\/tipico.food\/#\/schema\/logo\/image\/\"},\"sameAs\":[\"https:\/\/www.facebook.com\/tipico.salumeria.contemporanea\",\"https:\/\/www.instagram.com\/tipico.salumeria.contemporanea\"]}]}<\/script>\n<!-- \/ Yoast SEO plugin. -->","yoast_head_json":{"title":"Bottega di prodotti tipici | Alimentari a Salice Terme | Tipico","description":"Nella bottega di Tipico trovi Prodotti artigianali scelti per la loro qualit\u00e0 e per il piacere che regalano a tavola. Vieni a scoprirli!","robots":{"index":"index","follow":"follow","max-snippet":"max-snippet:-1","max-image-preview":"max-image-preview:large","max-video-preview":"max-video-preview:-1"},"canonical":"https:\/\/tipico.food\/?page_id=57","og_locale":"it_IT","og_type":"article","og_title":"Bottega di prodotti tipici | Alimentari a Salice Terme | Tipico","og_description":"Nella bottega di Tipico trovi Prodotti artigianali scelti per la loro qualit\u00e0 e per il piacere che regalano a tavola. Vieni a scoprirli!","og_url":"https:\/\/tipico.food\/?page_id=57","og_site_name":"Tipico","article_publisher":"https:\/\/www.facebook.com\/tipico.salumeria.contemporanea","article_modified_time":"2026-04-02T10:26:02+00:00","og_image":[{"width":1920,"height":600,"url":"https:\/\/tipico.food\/wp-content\/uploads\/2026\/01\/bottega-tipico-salice-terme.jpg","type":"image\/jpeg"}],"twitter_card":"summary_large_image","twitter_misc":{"Tempo di lettura stimato":"6 minuti"},"schema":{"@context":"https:\/\/schema.org","@graph":[{"@type":"WebPage","@id":"https:\/\/tipico.food\/?page_id=57","url":"https:\/\/tipico.food\/?page_id=57","name":"Bottega di prodotti tipici | Alimentari a Salice Terme | Tipico","isPartOf":{"@id":"https:\/\/tipico.food\/#website"},"primaryImageOfPage":{"@id":"https:\/\/tipico.food\/?page_id=57#primaryimage"},"image":{"@id":"https:\/\/tipico.food\/?page_id=57#primaryimage"},"thumbnailUrl":"https:\/\/tipico.food\/wp-content\/uploads\/2026\/01\/bottega-tipico-salice-terme.jpg","datePublished":"2026-01-23T09:47:03+00:00","dateModified":"2026-04-02T10:26:02+00:00","description":"Nella bottega di Tipico trovi Prodotti artigianali scelti per la loro qualit\u00e0 e per il piacere che regalano a tavola. Vieni a scoprirli!","breadcrumb":{"@id":"https:\/\/tipico.food\/?page_id=57#breadcrumb"},"inLanguage":"it-IT","potentialAction":[{"@type":"ReadAction","target":["https:\/\/tipico.food\/?page_id=57"]}]},{"@type":"ImageObject","inLanguage":"it-IT","@id":"https:\/\/tipico.food\/?page_id=57#primaryimage","url":"https:\/\/tipico.food\/wp-content\/uploads\/2026\/01\/bottega-tipico-salice-terme.jpg","contentUrl":"https:\/\/tipico.food\/wp-content\/uploads\/2026\/01\/bottega-tipico-salice-terme.jpg","width":1920,"height":600,"caption":"bottega Tipico Salice Terme"},{"@type":"BreadcrumbList","@id":"https:\/\/tipico.food\/?page_id=57#breadcrumb","itemListElement":[{"@type":"ListItem","position":1,"name":"Home","item":"https:\/\/tipico.food\/"},{"@type":"ListItem","position":2,"name":"Bottega"}]},{"@type":"WebSite","@id":"https:\/\/tipico.food\/#website","url":"https:\/\/tipico.food\/","name":"Tipico","description":"Salumeria Contemporanea","publisher":{"@id":"https:\/\/tipico.food\/#organization"},"alternateName":"Tipico - Salumeria Contemporanea","potentialAction":[{"@type":"SearchAction","target":{"@type":"EntryPoint","urlTemplate":"https:\/\/tipico.food\/?s={search_term_string}"},"query-input":{"@type":"PropertyValueSpecification","valueRequired":true,"valueName":"search_term_string"}}],"inLanguage":"it-IT"},{"@type":"Organization","@id":"https:\/\/tipico.food\/#organization","name":"Tipico - Salumeria Contemporanea","url":"https:\/\/tipico.food\/","logo":{"@type":"ImageObject","inLanguage":"it-IT","@id":"https:\/\/tipico.food\/#\/schema\/logo\/image\/","url":"https:\/\/tipico.food\/wp-content\/uploads\/2026\/01\/logo-tipico-salumeria-contemporanea.png","contentUrl":"https:\/\/tipico.food\/wp-content\/uploads\/2026\/01\/logo-tipico-salumeria-contemporanea.png","width":266,"height":231,"caption":"Tipico - Salumeria Contemporanea"},"image":{"@id":"https:\/\/tipico.food\/#\/schema\/logo\/image\/"},"sameAs":["https:\/\/www.facebook.com\/tipico.salumeria.contemporanea","https:\/\/www.instagram.com\/tipico.salumeria.contemporanea"]}]}},"acf":[],"_links":{"self":[{"href":"https:\/\/tipico.food\/index.php?rest_route=\/wp\/v2\/pages\/57","targetHints":{"allow":["GET"]}}],"collection":[{"href":"https:\/\/tipico.food\/index.php?rest_route=\/wp\/v2\/pages"}],"about":[{"href":"https:\/\/tipico.food\/index.php?rest_route=\/wp\/v2\/types\/page"}],"author":[{"embeddable":true,"href":"https:\/\/tipico.food\/index.php?rest_route=\/wp\/v2\/users\/1"}],"replies":[{"embeddable":true,"href":"https:\/\/tipico.food\/index.php?rest_route=%2Fwp%2Fv2%2Fcomments&post=57"}],"version-history":[{"count":8,"href":"https:\/\/tipico.food\/index.php?rest_route=\/wp\/v2\/pages\/57\/revisions"}],"predecessor-version":[{"id":182,"href":"https:\/\/tipico.food\/index.php?rest_route=\/wp\/v2\/pages\/57\/revisions\/182"}],"wp:featuredmedia":[{"embeddable":true,"href":"https:\/\/tipico.food\/index.php?rest_route=\/wp\/v2\/media\/58"}],"wp:attachment":[{"href":"https:\/\/tipico.food\/index.php?rest_route=%2Fwp%2Fv2%2Fmedia&parent=57"}],"curies":[{"name":"wp","href":"https:\/\/api.w.org\/{rel}","templated":true}]}}