{"id":52,"date":"2026-01-23T09:30:52","date_gmt":"2026-01-23T09:30:52","guid":{"rendered":"https:\/\/tipico.food\/?page_id=52"},"modified":"2026-02-02T08:44:43","modified_gmt":"2026-02-02T08:44:43","slug":"chi-siamo","status":"publish","type":"page","link":"https:\/\/tipico.food\/?page_id=52","title":{"rendered":"Chi siamo"},"content":{"rendered":"\n<section class=\"wp-block-group alignfull testata\"><div class=\"wp-block-group__inner-container is-layout-constrained wp-block-group-is-layout-constrained\"><figure class=\"alignfull wp-block-post-featured-image\"><img loading=\"lazy\" decoding=\"async\" width=\"1920\" height=\"600\" src=\"https:\/\/tipico.food\/wp-content\/uploads\/2026\/01\/tipico-salice-terme.jpg\" class=\"attachment-post-thumbnail size-post-thumbnail wp-post-image\" alt=\"Tipico Salice Terme\" style=\"object-fit:cover;\" srcset=\"https:\/\/tipico.food\/wp-content\/uploads\/2026\/01\/tipico-salice-terme.jpg 1920w, https:\/\/tipico.food\/wp-content\/uploads\/2026\/01\/tipico-salice-terme-300x94.jpg 300w, https:\/\/tipico.food\/wp-content\/uploads\/2026\/01\/tipico-salice-terme-1024x320.jpg 1024w, https:\/\/tipico.food\/wp-content\/uploads\/2026\/01\/tipico-salice-terme-768x240.jpg 768w, https:\/\/tipico.food\/wp-content\/uploads\/2026\/01\/tipico-salice-terme-1536x480.jpg 1536w\" sizes=\"auto, (max-width: 1920px) 100vw, 1920px\" \/><\/figure><\/div><\/section>\n\n\n\n<section class=\"wp-block-group\"><div class=\"wp-block-group__inner-container is-layout-constrained wp-block-group-is-layout-constrained\">\n<h1 class=\"wp-block-heading\">Chi siamo<\/h1>\n\n\n\n<h2 class=\"wp-block-heading\">Tipico, salumeria contemporanea a Salice Terme<\/h2>\n\n\n\n<p>Tipico nasce dal desiderio della famiglia Muttoni di creare un luogo autentico e accogliente, dove la qualit\u00e0, il gusto e la convivialit\u00e0 siano protagonisti.<\/p>\n\n\n\n<p>Guido, insieme ai figli Francesco e Giovanni, ha dato vita a questa salumeria contemporanea con un\u2019idea chiara: offrire uno spazio in cui fermarsi facilmente, anche solo per pochi minuti, e trovare sempre qualcosa di \u201cbuono\u201d da assaggiare o portare a casa.<br>Un luogo che non \u00e8 un ristorante tradizionale, n\u00e9 una semplice bottega, ma un punto di incontro tra gusto, convivialit\u00e0 e quotidianit\u00e0.<\/p>\n\n\n\n<p>Tipico si trova a Salice Terme in Oltrepo\u2019 Pavese, in una posizione ben visibile sulla strada che conduce verso gli incantevoli borghi della valle Staffora: un luogo di passaggio naturale, soprattutto nei fine settimana, per chi parte o rientra da una gita fuori porta.<\/p>\n\n\n\n<p>Qui accogliamo chi vive il territorio ogni giorno e chi lo scopre per la prima volta, con la stessa attenzione e lo stesso calore di sempre: prodotti selezionati e raccontati con cura e passione, proposti in un ambiente moderno e conviviale.<\/p>\n<\/div><\/section>\n\n\n\n<p><\/p>\n","protected":false},"excerpt":{"rendered":"<p>Chi siamo Tipico, salumeria contemporanea a Salice Terme Tipico nasce dal desiderio della famiglia Muttoni di creare un luogo autentico e accogliente, dove la qualit\u00e0, il gusto e la convivialit\u00e0 siano protagonisti. Guido, insieme ai figli Francesco e Giovanni, ha dato vita a questa salumeria contemporanea con un\u2019idea chiara: offrire uno spazio in cui fermarsi [&hellip;]<\/p>\n","protected":false},"author":1,"featured_media":53,"parent":0,"menu_order":0,"comment_status":"closed","ping_status":"closed","template":"","meta":{"_acf_changed":false,"footnotes":""},"class_list":["post-52","page","type-page","status-publish","has-post-thumbnail","hentry"],"yoast_head":"<!-- This site is optimized with the Yoast SEO plugin v27.2 - https:\/\/yoast.com\/product\/yoast-seo-wordpress\/ -->\n<title>Chi siamo | Tipico Salumeria Contemporanea<\/title>\n<meta name=\"description\" content=\"Tipico nasce dal desiderio della famiglia Muttoni di creare un luogo autentico, dove qualit\u00e0, gusto e convivialit\u00e0 siano protagonisti.\" \/>\n<meta name=\"robots\" content=\"index, follow, max-snippet:-1, max-image-preview:large, max-video-preview:-1\" \/>\n<link rel=\"canonical\" href=\"https:\/\/tipico.food\/?page_id=52\" \/>\n<meta property=\"og:locale\" content=\"it_IT\" \/>\n<meta property=\"og:type\" content=\"article\" \/>\n<meta property=\"og:title\" content=\"Chi siamo | Tipico Salumeria Contemporanea\" \/>\n<meta property=\"og:description\" content=\"Tipico nasce dal desiderio della famiglia Muttoni di creare un luogo autentico, dove qualit\u00e0, gusto e convivialit\u00e0 siano protagonisti.\" \/>\n<meta property=\"og:url\" content=\"https:\/\/tipico.food\/?page_id=52\" \/>\n<meta property=\"og:site_name\" content=\"Tipico\" \/>\n<meta property=\"article:publisher\" content=\"https:\/\/www.facebook.com\/tipico.salumeria.contemporanea\" \/>\n<meta property=\"article:modified_time\" content=\"2026-02-02T08:44:43+00:00\" \/>\n<meta property=\"og:image\" content=\"https:\/\/tipico.food\/wp-content\/uploads\/2026\/01\/tipico-salice-terme.jpg\" \/>\n\t<meta property=\"og:image:width\" content=\"1920\" \/>\n\t<meta property=\"og:image:height\" content=\"600\" \/>\n\t<meta property=\"og:image:type\" content=\"image\/jpeg\" \/>\n<meta name=\"twitter:card\" content=\"summary_large_image\" \/>\n<meta name=\"twitter:label1\" content=\"Tempo di lettura stimato\" \/>\n\t<meta name=\"twitter:data1\" content=\"2 minuti\" \/>\n<script type=\"application\/ld+json\" class=\"yoast-schema-graph\">{\"@context\":\"https:\/\/schema.org\",\"@graph\":[{\"@type\":\"WebPage\",\"@id\":\"https:\/\/tipico.food\/?page_id=52\",\"url\":\"https:\/\/tipico.food\/?page_id=52\",\"name\":\"Chi siamo | Tipico Salumeria Contemporanea\",\"isPartOf\":{\"@id\":\"https:\/\/tipico.food\/#website\"},\"primaryImageOfPage\":{\"@id\":\"https:\/\/tipico.food\/?page_id=52#primaryimage\"},\"image\":{\"@id\":\"https:\/\/tipico.food\/?page_id=52#primaryimage\"},\"thumbnailUrl\":\"https:\/\/tipico.food\/wp-content\/uploads\/2026\/01\/tipico-salice-terme.jpg\",\"datePublished\":\"2026-01-23T09:30:52+00:00\",\"dateModified\":\"2026-02-02T08:44:43+00:00\",\"description\":\"Tipico nasce dal desiderio della famiglia Muttoni di creare un luogo autentico, dove qualit\u00e0, gusto e convivialit\u00e0 siano protagonisti.\",\"breadcrumb\":{\"@id\":\"https:\/\/tipico.food\/?page_id=52#breadcrumb\"},\"inLanguage\":\"it-IT\",\"potentialAction\":[{\"@type\":\"ReadAction\",\"target\":[\"https:\/\/tipico.food\/?page_id=52\"]}]},{\"@type\":\"ImageObject\",\"inLanguage\":\"it-IT\",\"@id\":\"https:\/\/tipico.food\/?page_id=52#primaryimage\",\"url\":\"https:\/\/tipico.food\/wp-content\/uploads\/2026\/01\/tipico-salice-terme.jpg\",\"contentUrl\":\"https:\/\/tipico.food\/wp-content\/uploads\/2026\/01\/tipico-salice-terme.jpg\",\"width\":1920,\"height\":600,\"caption\":\"Tipico Salice Terme\"},{\"@type\":\"BreadcrumbList\",\"@id\":\"https:\/\/tipico.food\/?page_id=52#breadcrumb\",\"itemListElement\":[{\"@type\":\"ListItem\",\"position\":1,\"name\":\"Home\",\"item\":\"https:\/\/tipico.food\/\"},{\"@type\":\"ListItem\",\"position\":2,\"name\":\"Chi siamo\"}]},{\"@type\":\"WebSite\",\"@id\":\"https:\/\/tipico.food\/#website\",\"url\":\"https:\/\/tipico.food\/\",\"name\":\"Tipico\",\"description\":\"Salumeria Contemporanea\",\"publisher\":{\"@id\":\"https:\/\/tipico.food\/#organization\"},\"alternateName\":\"Tipico - Salumeria Contemporanea\",\"potentialAction\":[{\"@type\":\"SearchAction\",\"target\":{\"@type\":\"EntryPoint\",\"urlTemplate\":\"https:\/\/tipico.food\/?s={search_term_string}\"},\"query-input\":{\"@type\":\"PropertyValueSpecification\",\"valueRequired\":true,\"valueName\":\"search_term_string\"}}],\"inLanguage\":\"it-IT\"},{\"@type\":\"Organization\",\"@id\":\"https:\/\/tipico.food\/#organization\",\"name\":\"Tipico - Salumeria Contemporanea\",\"url\":\"https:\/\/tipico.food\/\",\"logo\":{\"@type\":\"ImageObject\",\"inLanguage\":\"it-IT\",\"@id\":\"https:\/\/tipico.food\/#\/schema\/logo\/image\/\",\"url\":\"https:\/\/tipico.food\/wp-content\/uploads\/2026\/01\/logo-tipico-salumeria-contemporanea.png\",\"contentUrl\":\"https:\/\/tipico.food\/wp-content\/uploads\/2026\/01\/logo-tipico-salumeria-contemporanea.png\",\"width\":266,\"height\":231,\"caption\":\"Tipico - Salumeria Contemporanea\"},\"image\":{\"@id\":\"https:\/\/tipico.food\/#\/schema\/logo\/image\/\"},\"sameAs\":[\"https:\/\/www.facebook.com\/tipico.salumeria.contemporanea\",\"https:\/\/www.instagram.com\/tipico.salumeria.contemporanea\"]}]}<\/script>\n<!-- \/ Yoast SEO plugin. -->","yoast_head_json":{"title":"Chi siamo | Tipico Salumeria Contemporanea","description":"Tipico nasce dal desiderio della famiglia Muttoni di creare un luogo autentico, dove qualit\u00e0, gusto e convivialit\u00e0 siano protagonisti.","robots":{"index":"index","follow":"follow","max-snippet":"max-snippet:-1","max-image-preview":"max-image-preview:large","max-video-preview":"max-video-preview:-1"},"canonical":"https:\/\/tipico.food\/?page_id=52","og_locale":"it_IT","og_type":"article","og_title":"Chi siamo | Tipico Salumeria Contemporanea","og_description":"Tipico nasce dal desiderio della famiglia Muttoni di creare un luogo autentico, dove qualit\u00e0, gusto e convivialit\u00e0 siano protagonisti.","og_url":"https:\/\/tipico.food\/?page_id=52","og_site_name":"Tipico","article_publisher":"https:\/\/www.facebook.com\/tipico.salumeria.contemporanea","article_modified_time":"2026-02-02T08:44:43+00:00","og_image":[{"width":1920,"height":600,"url":"https:\/\/tipico.food\/wp-content\/uploads\/2026\/01\/tipico-salice-terme.jpg","type":"image\/jpeg"}],"twitter_card":"summary_large_image","twitter_misc":{"Tempo di lettura stimato":"2 minuti"},"schema":{"@context":"https:\/\/schema.org","@graph":[{"@type":"WebPage","@id":"https:\/\/tipico.food\/?page_id=52","url":"https:\/\/tipico.food\/?page_id=52","name":"Chi siamo | Tipico Salumeria Contemporanea","isPartOf":{"@id":"https:\/\/tipico.food\/#website"},"primaryImageOfPage":{"@id":"https:\/\/tipico.food\/?page_id=52#primaryimage"},"image":{"@id":"https:\/\/tipico.food\/?page_id=52#primaryimage"},"thumbnailUrl":"https:\/\/tipico.food\/wp-content\/uploads\/2026\/01\/tipico-salice-terme.jpg","datePublished":"2026-01-23T09:30:52+00:00","dateModified":"2026-02-02T08:44:43+00:00","description":"Tipico nasce dal desiderio della famiglia Muttoni di creare un luogo autentico, dove qualit\u00e0, gusto e convivialit\u00e0 siano protagonisti.","breadcrumb":{"@id":"https:\/\/tipico.food\/?page_id=52#breadcrumb"},"inLanguage":"it-IT","potentialAction":[{"@type":"ReadAction","target":["https:\/\/tipico.food\/?page_id=52"]}]},{"@type":"ImageObject","inLanguage":"it-IT","@id":"https:\/\/tipico.food\/?page_id=52#primaryimage","url":"https:\/\/tipico.food\/wp-content\/uploads\/2026\/01\/tipico-salice-terme.jpg","contentUrl":"https:\/\/tipico.food\/wp-content\/uploads\/2026\/01\/tipico-salice-terme.jpg","width":1920,"height":600,"caption":"Tipico Salice Terme"},{"@type":"BreadcrumbList","@id":"https:\/\/tipico.food\/?page_id=52#breadcrumb","itemListElement":[{"@type":"ListItem","position":1,"name":"Home","item":"https:\/\/tipico.food\/"},{"@type":"ListItem","position":2,"name":"Chi siamo"}]},{"@type":"WebSite","@id":"https:\/\/tipico.food\/#website","url":"https:\/\/tipico.food\/","name":"Tipico","description":"Salumeria Contemporanea","publisher":{"@id":"https:\/\/tipico.food\/#organization"},"alternateName":"Tipico - Salumeria Contemporanea","potentialAction":[{"@type":"SearchAction","target":{"@type":"EntryPoint","urlTemplate":"https:\/\/tipico.food\/?s={search_term_string}"},"query-input":{"@type":"PropertyValueSpecification","valueRequired":true,"valueName":"search_term_string"}}],"inLanguage":"it-IT"},{"@type":"Organization","@id":"https:\/\/tipico.food\/#organization","name":"Tipico - Salumeria Contemporanea","url":"https:\/\/tipico.food\/","logo":{"@type":"ImageObject","inLanguage":"it-IT","@id":"https:\/\/tipico.food\/#\/schema\/logo\/image\/","url":"https:\/\/tipico.food\/wp-content\/uploads\/2026\/01\/logo-tipico-salumeria-contemporanea.png","contentUrl":"https:\/\/tipico.food\/wp-content\/uploads\/2026\/01\/logo-tipico-salumeria-contemporanea.png","width":266,"height":231,"caption":"Tipico - Salumeria Contemporanea"},"image":{"@id":"https:\/\/tipico.food\/#\/schema\/logo\/image\/"},"sameAs":["https:\/\/www.facebook.com\/tipico.salumeria.contemporanea","https:\/\/www.instagram.com\/tipico.salumeria.contemporanea"]}]}},"acf":[],"_links":{"self":[{"href":"https:\/\/tipico.food\/index.php?rest_route=\/wp\/v2\/pages\/52","targetHints":{"allow":["GET"]}}],"collection":[{"href":"https:\/\/tipico.food\/index.php?rest_route=\/wp\/v2\/pages"}],"about":[{"href":"https:\/\/tipico.food\/index.php?rest_route=\/wp\/v2\/types\/page"}],"author":[{"embeddable":true,"href":"https:\/\/tipico.food\/index.php?rest_route=\/wp\/v2\/users\/1"}],"replies":[{"embeddable":true,"href":"https:\/\/tipico.food\/index.php?rest_route=%2Fwp%2Fv2%2Fcomments&post=52"}],"version-history":[{"count":3,"href":"https:\/\/tipico.food\/index.php?rest_route=\/wp\/v2\/pages\/52\/revisions"}],"predecessor-version":[{"id":56,"href":"https:\/\/tipico.food\/index.php?rest_route=\/wp\/v2\/pages\/52\/revisions\/56"}],"wp:featuredmedia":[{"embeddable":true,"href":"https:\/\/tipico.food\/index.php?rest_route=\/wp\/v2\/media\/53"}],"wp:attachment":[{"href":"https:\/\/tipico.food\/index.php?rest_route=%2Fwp%2Fv2%2Fmedia&parent=52"}],"curies":[{"name":"wp","href":"https:\/\/api.w.org\/{rel}","templated":true}]}}